{"id":6155,"date":"2025-06-09T07:00:11","date_gmt":"2025-06-09T07:00:11","guid":{"rendered":"https:\/\/elargarmusical.com\/?page_id=6155"},"modified":"2025-06-09T11:44:34","modified_gmt":"2025-06-09T11:44:34","slug":"julia-merino-mezzosoprano","status":"publish","type":"page","link":"https:\/\/elargarmusical.com\/?page_id=6155","title":{"rendered":"Julia Merino, mezzosoprano"},"content":{"rendered":"\t\t<div data-elementor-type=\"wp-page\" data-elementor-id=\"6155\" class=\"elementor elementor-6155\" data-elementor-post-type=\"page\">\n\t\t\t\t\t\t<section class=\"elementor-section elementor-top-section elementor-element elementor-element-4ba87d6 elementor-section-full_width elementor-section-stretched elementor-section-height-default elementor-section-height-default\" data-id=\"4ba87d6\" data-element_type=\"section\" data-settings=\"{&quot;stretch_section&quot;:&quot;section-stretched&quot;}\">\n\t\t\t\t\t\t<div class=\"elementor-container elementor-column-gap-wider\">\n\t\t\t\t\t<div class=\"elementor-column elementor-col-100 elementor-top-column elementor-element elementor-element-aae3e0f\" data-id=\"aae3e0f\" data-element_type=\"column\">\n\t\t\t<div class=\"elementor-widget-wrap elementor-element-populated\">\n\t\t\t\t\t\t<div class=\"elementor-element elementor-element-c5ff768 elementor-hidden-mobile elementor-widget elementor-widget-image\" data-id=\"c5ff768\" data-element_type=\"widget\" data-settings=\"{&quot;ekit_we_effect_on&quot;:&quot;none&quot;}\" data-widget_type=\"image.default\">\n\t\t\t\t<div class=\"elementor-widget-container\">\n\t\t\t\t\t\t\t\t\t\t\t\t\t<img fetchpriority=\"high\" decoding=\"async\" width=\"1080\" height=\"721\" src=\"https:\/\/elargarmusical.com\/wp-content\/uploads\/2025\/06\/JUIA-MERINO-3.jpeg\" class=\"attachment-full size-full wp-image-6157\" alt=\"\" srcset=\"https:\/\/elargarmusical.com\/wp-content\/uploads\/2025\/06\/JUIA-MERINO-3.jpeg 1080w, https:\/\/elargarmusical.com\/wp-content\/uploads\/2025\/06\/JUIA-MERINO-3-300x200.jpeg 300w, https:\/\/elargarmusical.com\/wp-content\/uploads\/2025\/06\/JUIA-MERINO-3-1024x684.jpeg 1024w, https:\/\/elargarmusical.com\/wp-content\/uploads\/2025\/06\/JUIA-MERINO-3-768x513.jpeg 768w, https:\/\/elargarmusical.com\/wp-content\/uploads\/2025\/06\/JUIA-MERINO-3-600x401.jpeg 600w\" sizes=\"(max-width: 1080px) 100vw, 1080px\" \/>\t\t\t\t\t\t\t\t\t\t\t\t\t<\/div>\n\t\t\t\t<\/div>\n\t\t\t\t\t<\/div>\n\t\t<\/div>\n\t\t\t\t\t<\/div>\n\t\t<\/section>\n\t\t\t\t<section class=\"elementor-section elementor-top-section elementor-element elementor-element-5611d37 elementor-section-boxed elementor-section-height-default elementor-section-height-default\" data-id=\"5611d37\" data-element_type=\"section\">\n\t\t\t\t\t\t<div class=\"elementor-container elementor-column-gap-default\">\n\t\t\t\t\t<div class=\"elementor-column elementor-col-100 elementor-top-column elementor-element elementor-element-c237b5c\" data-id=\"c237b5c\" data-element_type=\"column\">\n\t\t\t<div class=\"elementor-widget-wrap elementor-element-populated\">\n\t\t\t\t\t\t<div class=\"elementor-element elementor-element-efa0a55 elementor-widget elementor-widget-image\" data-id=\"efa0a55\" data-element_type=\"widget\" data-settings=\"{&quot;ekit_we_effect_on&quot;:&quot;none&quot;}\" data-widget_type=\"image.default\">\n\t\t\t\t<div class=\"elementor-widget-container\">\n\t\t\t\t\t\t\t\t\t\t\t\t\t<img decoding=\"async\" width=\"1326\" height=\"1744\" src=\"https:\/\/elargarmusical.com\/wp-content\/uploads\/2025\/06\/JULIA-MERINO-1.jpeg\" class=\"attachment-full size-full wp-image-6139\" alt=\"\" srcset=\"https:\/\/elargarmusical.com\/wp-content\/uploads\/2025\/06\/JULIA-MERINO-1.jpeg 1326w, https:\/\/elargarmusical.com\/wp-content\/uploads\/2025\/06\/JULIA-MERINO-1-228x300.jpeg 228w, https:\/\/elargarmusical.com\/wp-content\/uploads\/2025\/06\/JULIA-MERINO-1-779x1024.jpeg 779w, https:\/\/elargarmusical.com\/wp-content\/uploads\/2025\/06\/JULIA-MERINO-1-768x1010.jpeg 768w, https:\/\/elargarmusical.com\/wp-content\/uploads\/2025\/06\/JULIA-MERINO-1-1168x1536.jpeg 1168w, https:\/\/elargarmusical.com\/wp-content\/uploads\/2025\/06\/JULIA-MERINO-1-600x789.jpeg 600w\" sizes=\"(max-width: 1326px) 100vw, 1326px\" \/>\t\t\t\t\t\t\t\t\t\t\t\t\t<\/div>\n\t\t\t\t<\/div>\n\t\t\t\t<div class=\"elementor-element elementor-element-932267f elementor-widget__width-initial elementor-widget elementor-widget-text-editor\" data-id=\"932267f\" data-element_type=\"widget\" data-settings=\"{&quot;ekit_we_effect_on&quot;:&quot;none&quot;}\" data-widget_type=\"text-editor.default\">\n\t\t\t\t<div class=\"elementor-widget-container\">\n\t\t\t\t\t\t\t<h1><span style=\"color: #000000;\">Julia Merino<\/span><\/h1><h3>Mezzosoprano<span style=\"color: #000000;\"><br \/><\/span><\/h3><p>La mezzosoprano malague\u00f1a Julia Merino se encuentra finalizando el Opera Course en la<i>\u00a0Guildhall School of Music and Drama<\/i>\u00a0de Londres, donde se forma con Janice Chapman y Marcus van den Akker, galardonada con la beca\u00a0<i>Elizabeth<\/i>\u00a0<i>Sweeting<\/i>.<\/p><div>\u00a0<\/div><div>Ha participado en recitales y conciertos tanto en Reino Unido como en Espa\u00f1a, colaborando con formaciones como la Orquesta Filarm\u00f3nica de M\u00e1laga, la Orquesta de la Universidad de Ja\u00e9n y la Orquesta Sinf\u00f3nica de M\u00e1laga, en producciones como\u00a0<i>El amor brujo<\/i>\u00a0de Falla o el Festival Metal\u00edrica en el Teatro Echegaray (M\u00e1laga). En 2023 realiz\u00f3 su debut oper\u00edstico con la compa\u00f1\u00eda\u00a0<i>Northern Opera Group<\/i>\u00a0(Leeds) en la \u00f3pera Frida.<\/div><div>\u00a0<\/div><div>Entre sus interpretaciones m\u00e1s recientes destacan los roles del Pr\u00edncipe Orlovsky en\u00a0<i>Die Fledermaus<\/i>\u00a0(J. Strauss) y Fanny Price en\u00a0<i>Mansfield Park\u00a0<\/i>(Dove), as\u00ed como su participaci\u00f3n como mezzosoprano solista en\u00a0<i>Elijah<\/i>\u00a0de Mendelssohn y la\u00a0<i>Misa a\u00a0<\/i><i>Buenos Aires<\/i>\u00a0de Mart\u00edn Palmeri.\u00a0<\/div><div>\u00a0<\/div><div>En noviembre de 2024 fue galardonada\u00a0<i>ex aequo<\/i>\u00a0con el Primer Premio y el Premio al Mejor Int\u00e9rprete de M\u00fasica Espa\u00f1ola en el XXVII Certamen de J\u00f3venes Int\u00e9rpretes Pedro Bote (Badajoz).<\/div><div>\u00a0<\/div><div>Actualmente interpreta los roles de Dido y la Hechicera en\u00a0<i>Dido and Aeneas<\/i>\u00a0(Purcell) en Londres.\u00a0<\/div><div>\u00a0<\/div><div>Pr\u00f3ximamente participar\u00e1 en el proyecto\u00a0<i>Zarzuela Estudio<\/i>\u00a0en Canarias y en el Festival MUSEG de Segovia, as\u00ed como en diversos recitales de m\u00fasica de c\u00e1mara en Espa\u00f1a y Reino Unido.<\/div>\t\t\t\t\t\t<\/div>\n\t\t\t\t<\/div>\n\t\t\t\t\t<\/div>\n\t\t<\/div>\n\t\t\t\t\t<\/div>\n\t\t<\/section>\n\t\t\t\t<\/div>\n\t\t","protected":false},"excerpt":{"rendered":"<p>Julia Merino Mezzosoprano La mezzosoprano malague\u00f1a Julia Merino se encuentra finalizando el Opera Course en la\u00a0Guildhall School of Music and Drama\u00a0de Londres, donde se forma con Janice Chapman y Marcus van den Akker, galardonada con la beca\u00a0Elizabeth\u00a0Sweeting. \u00a0Ha participado en recitales y conciertos tanto en Reino Unido como en Espa\u00f1a, colaborando con formaciones como la [&hellip;]<\/p>\n","protected":false},"author":1,"featured_media":0,"parent":0,"menu_order":0,"comment_status":"closed","ping_status":"closed","template":"","meta":{"footnotes":""},"class_list":["post-6155","page","type-page","status-publish","hentry"],"_links":{"self":[{"href":"https:\/\/elargarmusical.com\/index.php?rest_route=\/wp\/v2\/pages\/6155","targetHints":{"allow":["GET"]}}],"collection":[{"href":"https:\/\/elargarmusical.com\/index.php?rest_route=\/wp\/v2\/pages"}],"about":[{"href":"https:\/\/elargarmusical.com\/index.php?rest_route=\/wp\/v2\/types\/page"}],"author":[{"embeddable":true,"href":"https:\/\/elargarmusical.com\/index.php?rest_route=\/wp\/v2\/users\/1"}],"replies":[{"embeddable":true,"href":"https:\/\/elargarmusical.com\/index.php?rest_route=%2Fwp%2Fv2%2Fcomments&post=6155"}],"version-history":[{"count":10,"href":"https:\/\/elargarmusical.com\/index.php?rest_route=\/wp\/v2\/pages\/6155\/revisions"}],"predecessor-version":[{"id":6239,"href":"https:\/\/elargarmusical.com\/index.php?rest_route=\/wp\/v2\/pages\/6155\/revisions\/6239"}],"wp:attachment":[{"href":"https:\/\/elargarmusical.com\/index.php?rest_route=%2Fwp%2Fv2%2Fmedia&parent=6155"}],"curies":[{"name":"wp","href":"https:\/\/api.w.org\/{rel}","templated":true}]}}